{"id":74183,"date":"2025-11-16T20:16:24","date_gmt":"2025-11-17T00:16:24","guid":{"rendered":"https:\/\/fustoki.ca\/?post_type=product&#038;p=74183"},"modified":"2025-11-16T22:06:53","modified_gmt":"2025-11-17T02:06:53","slug":"nabulsiya-kunafe","status":"publish","type":"product","link":"https:\/\/fustoki.ca\/fr\/produit\/nabulsiya-kunafe\/","title":{"rendered":"Nabulsiya Kunafe"},"content":{"rendered":"<h3 data-start=\"3949\" data-end=\"3994\">Authentique Nabulsiya Kunafe<\/h3>\n<p data-start=\"3699\" data-end=\"3942\">La Kunafe Nabulsiya est un dessert traditionnel du Moyen-Orient, compos\u00e9 de cheveux d\u2019ange croustillants, d\u2019un c\u0153ur fondant au fromage et d\u2019un sirop parfum\u00e9. Originaire de la ville de Naplouse, elle allie parfaitement croquant et douceur.<\/p>\n<hr data-start=\"3944\" data-end=\"3947\" \/>\n<h3 data-start=\"3949\" data-end=\"3994\">Une p\u00e2tisserie orientale traditionnelle<\/h3>\n<p data-start=\"3996\" data-end=\"4231\"><strong data-start=\"3996\" data-end=\"4011\">Que ce soit<\/strong> lors d\u2019occasions festives ou pour un moment gourmand, la Kunafe s\u00e9duit toujours.<\/p>\n<hr data-start=\"4482\" data-end=\"4485\" \/>\n<h3 data-start=\"4487\" data-end=\"4523\">Disponible \u00e0 Laval et Montr\u00e9al<\/h3>\n<p data-start=\"4525\" data-end=\"4746\"><strong data-start=\"4525\" data-end=\"4562\">Nous offrons le ramassage \u00e0 Laval<\/strong>, ce qui permet de savourer facilement ce dessert \u00e0 tout moment.<br data-start=\"4626\" data-end=\"4629\" \/><strong data-start=\"4629\" data-end=\"4638\">Alors<\/strong>, commandez d\u00e8s aujourd\u2019hui votre <b>Kunafe Nabulsiya<\/b>.<\/p>\n<hr data-start=\"1687\" data-end=\"1690\" \/>\n<h3 data-start=\"1391\" data-end=\"1452\">Authentic Nabulsiya Kunafe<\/h3>\n<p data-start=\"1454\" data-end=\"1685\">Nabulsiya Kunafe is a beloved Middle Eastern dessert made with fine shredded pastry, rich melted cheese, and fragrant sugar syrup. Originating from the historic city of Nablus, this golden delicacy offers a perfect balance of crispness and creaminess.<\/p>\n<hr data-start=\"1687\" data-end=\"1690\" \/>\n<h3 data-start=\"1692\" data-end=\"1733\">A Traditional Middle Eastern Pastry<\/h3>\n<p data-start=\"1735\" data-end=\"1966\"><strong data-start=\"1735\" data-end=\"1746\">Whether<\/strong> enjoyed during festive occasions or as a personal treat, Kunafe always delights.<\/p>\n<hr data-start=\"2238\" data-end=\"2241\" \/>\n<h3 data-start=\"2243\" data-end=\"2280\">Available in Laval and Montreal<\/h3>\n<p data-start=\"2282\" data-end=\"2464\"><strong data-start=\"2282\" data-end=\"2310\">We offer pickup in Laval<\/strong>, making it easy to enjoy this dessert anytime.<br data-start=\"2357\" data-end=\"2360\" \/><strong data-start=\"2360\" data-end=\"2366\">So<\/strong>, order your <strong data-start=\"2379\" data-end=\"2413\">Authentic Nabulsiya Kunafe <\/strong>today<\/p>\n","protected":false},"excerpt":{"rendered":"<p><span style=\"font-weight: 400\">Boit\/box &#8211; About 800 grams (10 inch round tray)<\/span><\/p>\n<ul>\n<li>Dor\u00e9e, fondante et parfum\u00e9e, la Kunafe Nabulsiya combine croustillance et douceur, sublim\u00e9e par une g\u00e9n\u00e9reuse touche de pistaches concass\u00e9es sur le dessus pour un dessert inoubliable<\/li>\n<\/ul>\n<hr \/>\n<ul>\n<li><span style=\"font-weight: 400\">A golden, cheese-filled treat from Nablus, Nabulsiya Kunafe blends crispy pastry with sweet aromatic syrup, finished with a generous sprinkle of crushed pistachios on top for the perfect dessert experience.<\/span><\/li>\n<\/ul>\n<p>&nbsp;<\/p>\n","protected":false},"featured_media":74185,"template":"","meta":{"_monsterinsights_skip_tracking":false,"_monsterinsights_sitenote_active":false,"_monsterinsights_sitenote_note":"","_monsterinsights_sitenote_category":0},"product_brand":[],"product_cat":[147],"product_tag":[],"class_list":{"0":"post-74183","1":"product","2":"type-product","3":"status-publish","4":"has-post-thumbnail","6":"product_cat-kunafe","8":"first","9":"instock","10":"taxable","11":"shipping-taxable","12":"purchasable","13":"product-type-simple"},"yoast_head":"<!-- This site is optimized with the Yoast SEO Premium plugin v27.2 (Yoast SEO v27.2) - https:\/\/yoast.com\/product\/yoast-seo-premium-wordpress\/ -->\n<title>Authentic Nabulsiya Kunafe \u2013 Middle Eastern Pastry | fustoki.ca<\/title>\n<meta name=\"description\" content=\"Enjoy Authentic Nabulsiya Kunafe with your family and friends, watch the cheese pull, topped with syrup, and pistachios. A festive tray for 7 people\" \/>\n<meta name=\"robots\" content=\"index, follow, max-snippet:-1, max-image-preview:large, max-video-preview:-1\" \/>\n<link rel=\"canonical\" href=\"https:\/\/fustoki.ca\/fr\/produit\/nabulsiya-kunafe\/\" \/>\n<meta property=\"og:locale\" content=\"fr_FR\" \/>\n<meta property=\"og:type\" content=\"article\" \/>\n<meta property=\"og:title\" content=\"Nabulsiya Kunafe\" \/>\n<meta property=\"og:description\" content=\"Enjoy Authentic Nabulsiya Kunafe with your family and friends, watch the cheese pull, topped with syrup, and pistachios. A festive tray for 7 people\" \/>\n<meta property=\"og:url\" content=\"https:\/\/fustoki.ca\/fr\/produit\/nabulsiya-kunafe\/\" \/>\n<meta property=\"og:site_name\" content=\"fustoki.ca\" \/>\n<meta property=\"article:publisher\" content=\"https:\/\/www.facebook.com\/fustoki\" \/>\n<meta property=\"article:modified_time\" content=\"2025-11-17T02:06:53+00:00\" \/>\n<meta property=\"og:image\" content=\"https:\/\/fustoki.ca\/wp-content\/uploads\/2025\/11\/PXL_20251025_040750933-scaled.jpg\" \/>\n\t<meta property=\"og:image:width\" content=\"2560\" \/>\n\t<meta property=\"og:image:height\" content=\"2560\" \/>\n\t<meta property=\"og:image:type\" content=\"image\/jpeg\" \/>\n<meta name=\"twitter:card\" content=\"summary_large_image\" \/>\n<meta name=\"twitter:label1\" content=\"Price\" \/>\n\t<meta name=\"twitter:data1\" content=\"&#036;28.00&nbsp;CAD\" \/>\n\t<meta name=\"twitter:label2\" content=\"Availability\" \/>\n\t<meta name=\"twitter:data2\" content=\"In stock\" \/>\n<script type=\"application\/ld+json\" class=\"yoast-schema-graph\">{\"@context\":\"https:\/\/schema.org\",\"@graph\":[{\"@type\":\"WebPage\",\"@id\":\"https:\/\/fustoki.ca\/fr\/produit\/nabulsiya-kunafe\/\",\"url\":\"https:\/\/fustoki.ca\/fr\/produit\/nabulsiya-kunafe\/\",\"name\":\"Authentic Nabulsiya Kunafe \u2013 Middle Eastern Pastry | fustoki.ca\",\"isPartOf\":{\"@id\":\"https:\/\/fustoki.ca\/fr\/#website\"},\"primaryImageOfPage\":{\"@id\":\"https:\/\/fustoki.ca\/fr\/produit\/nabulsiya-kunafe\/#primaryimage\"},\"image\":{\"@id\":\"https:\/\/fustoki.ca\/fr\/produit\/nabulsiya-kunafe\/#primaryimage\"},\"thumbnailUrl\":\"https:\/\/i0.wp.com\/fustoki.ca\/wp-content\/uploads\/2025\/11\/PXL_20251025_040750933-scaled.jpg?fit=2560%2C2560&ssl=1\",\"datePublished\":\"2025-11-17T00:16:24+00:00\",\"dateModified\":\"2025-11-17T02:06:53+00:00\",\"description\":\"Enjoy Authentic Nabulsiya Kunafe with your family and friends, watch the cheese pull, topped with syrup, and pistachios. A festive tray for 7 people\",\"breadcrumb\":{\"@id\":\"https:\/\/fustoki.ca\/fr\/produit\/nabulsiya-kunafe\/#breadcrumb\"},\"inLanguage\":\"fr-FR\",\"potentialAction\":[{\"@type\":\"ReadAction\",\"target\":[\"https:\/\/fustoki.ca\/fr\/produit\/nabulsiya-kunafe\/\"]}]},{\"@type\":\"ImageObject\",\"inLanguage\":\"fr-FR\",\"@id\":\"https:\/\/fustoki.ca\/fr\/produit\/nabulsiya-kunafe\/#primaryimage\",\"url\":\"https:\/\/i0.wp.com\/fustoki.ca\/wp-content\/uploads\/2025\/11\/PXL_20251025_040750933-scaled.jpg?fit=2560%2C2560&ssl=1\",\"contentUrl\":\"https:\/\/i0.wp.com\/fustoki.ca\/wp-content\/uploads\/2025\/11\/PXL_20251025_040750933-scaled.jpg?fit=2560%2C2560&ssl=1\",\"width\":2560,\"height\":2560,\"caption\":\"Kunafe Nabulsiya\"},{\"@type\":\"BreadcrumbList\",\"@id\":\"https:\/\/fustoki.ca\/fr\/produit\/nabulsiya-kunafe\/#breadcrumb\",\"itemListElement\":[{\"@type\":\"ListItem\",\"position\":1,\"name\":\"Home\",\"item\":\"https:\/\/fustoki.ca\/fr\/\"},{\"@type\":\"ListItem\",\"position\":2,\"name\":\"Commander en Ligne\",\"item\":\"https:\/\/fustoki.ca\/fr\/menu\/order-middle-eastern-desserts-online\/\"},{\"@type\":\"ListItem\",\"position\":3,\"name\":\"Nabulsiya Kunafe\"}]},{\"@type\":\"WebSite\",\"@id\":\"https:\/\/fustoki.ca\/fr\/#website\",\"url\":\"https:\/\/fustoki.ca\/fr\/\",\"name\":\"Fustoki Patisserie\",\"description\":\"Montreal&#039;s Finest Baklava Desserts\",\"publisher\":{\"@id\":\"https:\/\/fustoki.ca\/fr\/#organization\"},\"potentialAction\":[{\"@type\":\"SearchAction\",\"target\":{\"@type\":\"EntryPoint\",\"urlTemplate\":\"https:\/\/fustoki.ca\/fr\/?s={search_term_string}\"},\"query-input\":{\"@type\":\"PropertyValueSpecification\",\"valueRequired\":true,\"valueName\":\"search_term_string\"}}],\"inLanguage\":\"fr-FR\"},{\"@type\":\"Organization\",\"@id\":\"https:\/\/fustoki.ca\/fr\/#organization\",\"name\":\"fustoki Patisserie\",\"url\":\"https:\/\/fustoki.ca\/fr\/\",\"logo\":{\"@type\":\"ImageObject\",\"inLanguage\":\"fr-FR\",\"@id\":\"https:\/\/fustoki.ca\/fr\/#\/schema\/logo\/image\/\",\"url\":\"https:\/\/i0.wp.com\/fustoki.ca\/wp-content\/uploads\/2024\/12\/logo-1.png?fit=600%2C600&ssl=1\",\"contentUrl\":\"https:\/\/i0.wp.com\/fustoki.ca\/wp-content\/uploads\/2024\/12\/logo-1.png?fit=600%2C600&ssl=1\",\"width\":600,\"height\":600,\"caption\":\"fustoki Patisserie\"},\"image\":{\"@id\":\"https:\/\/fustoki.ca\/fr\/#\/schema\/logo\/image\/\"},\"sameAs\":[\"https:\/\/www.facebook.com\/fustoki\"]}]}<\/script>\n<meta property=\"product:price:amount\" content=\"28.00\" \/>\n<meta property=\"product:price:currency\" content=\"CAD\" \/>\n<meta property=\"og:availability\" content=\"instock\" \/>\n<meta property=\"product:availability\" content=\"instock\" \/>\n<meta property=\"product:retailer_item_id\" content=\"Kunafe\" \/>\n<meta property=\"product:condition\" content=\"new\" \/>\n<!-- \/ Yoast SEO Premium plugin. -->","yoast_head_json":{"title":"Authentic Nabulsiya Kunafe \u2013 Middle Eastern Pastry | fustoki.ca","description":"Enjoy Authentic Nabulsiya Kunafe with your family and friends, watch the cheese pull, topped with syrup, and pistachios. A festive tray for 7 people","robots":{"index":"index","follow":"follow","max-snippet":"max-snippet:-1","max-image-preview":"max-image-preview:large","max-video-preview":"max-video-preview:-1"},"canonical":"https:\/\/fustoki.ca\/fr\/produit\/nabulsiya-kunafe\/","og_locale":"fr_FR","og_type":"article","og_title":"Nabulsiya Kunafe","og_description":"Enjoy Authentic Nabulsiya Kunafe with your family and friends, watch the cheese pull, topped with syrup, and pistachios. A festive tray for 7 people","og_url":"https:\/\/fustoki.ca\/fr\/produit\/nabulsiya-kunafe\/","og_site_name":"fustoki.ca","article_publisher":"https:\/\/www.facebook.com\/fustoki","article_modified_time":"2025-11-17T02:06:53+00:00","og_image":[{"width":2560,"height":2560,"url":"https:\/\/fustoki.ca\/wp-content\/uploads\/2025\/11\/PXL_20251025_040750933-scaled.jpg","type":"image\/jpeg"}],"twitter_card":"summary_large_image","twitter_misc":{"Price":"&#36;28.00&nbsp;CAD","Availability":"In stock"},"schema":{"@context":"https:\/\/schema.org","@graph":[{"@type":"WebPage","@id":"https:\/\/fustoki.ca\/fr\/produit\/nabulsiya-kunafe\/","url":"https:\/\/fustoki.ca\/fr\/produit\/nabulsiya-kunafe\/","name":"Authentic Nabulsiya Kunafe \u2013 Middle Eastern Pastry | fustoki.ca","isPartOf":{"@id":"https:\/\/fustoki.ca\/fr\/#website"},"primaryImageOfPage":{"@id":"https:\/\/fustoki.ca\/fr\/produit\/nabulsiya-kunafe\/#primaryimage"},"image":{"@id":"https:\/\/fustoki.ca\/fr\/produit\/nabulsiya-kunafe\/#primaryimage"},"thumbnailUrl":"https:\/\/i0.wp.com\/fustoki.ca\/wp-content\/uploads\/2025\/11\/PXL_20251025_040750933-scaled.jpg?fit=2560%2C2560&ssl=1","datePublished":"2025-11-17T00:16:24+00:00","dateModified":"2025-11-17T02:06:53+00:00","description":"Enjoy Authentic Nabulsiya Kunafe with your family and friends, watch the cheese pull, topped with syrup, and pistachios. A festive tray for 7 people","breadcrumb":{"@id":"https:\/\/fustoki.ca\/fr\/produit\/nabulsiya-kunafe\/#breadcrumb"},"inLanguage":"fr-FR","potentialAction":[{"@type":"ReadAction","target":["https:\/\/fustoki.ca\/fr\/produit\/nabulsiya-kunafe\/"]}]},{"@type":"ImageObject","inLanguage":"fr-FR","@id":"https:\/\/fustoki.ca\/fr\/produit\/nabulsiya-kunafe\/#primaryimage","url":"https:\/\/i0.wp.com\/fustoki.ca\/wp-content\/uploads\/2025\/11\/PXL_20251025_040750933-scaled.jpg?fit=2560%2C2560&ssl=1","contentUrl":"https:\/\/i0.wp.com\/fustoki.ca\/wp-content\/uploads\/2025\/11\/PXL_20251025_040750933-scaled.jpg?fit=2560%2C2560&ssl=1","width":2560,"height":2560,"caption":"Kunafe Nabulsiya"},{"@type":"BreadcrumbList","@id":"https:\/\/fustoki.ca\/fr\/produit\/nabulsiya-kunafe\/#breadcrumb","itemListElement":[{"@type":"ListItem","position":1,"name":"Home","item":"https:\/\/fustoki.ca\/fr\/"},{"@type":"ListItem","position":2,"name":"Commander en Ligne","item":"https:\/\/fustoki.ca\/fr\/menu\/order-middle-eastern-desserts-online\/"},{"@type":"ListItem","position":3,"name":"Nabulsiya Kunafe"}]},{"@type":"WebSite","@id":"https:\/\/fustoki.ca\/fr\/#website","url":"https:\/\/fustoki.ca\/fr\/","name":"Fustoki Patisserie","description":"Montreal&#039;s Finest Baklava Desserts","publisher":{"@id":"https:\/\/fustoki.ca\/fr\/#organization"},"potentialAction":[{"@type":"SearchAction","target":{"@type":"EntryPoint","urlTemplate":"https:\/\/fustoki.ca\/fr\/?s={search_term_string}"},"query-input":{"@type":"PropertyValueSpecification","valueRequired":true,"valueName":"search_term_string"}}],"inLanguage":"fr-FR"},{"@type":"Organization","@id":"https:\/\/fustoki.ca\/fr\/#organization","name":"fustoki Patisserie","url":"https:\/\/fustoki.ca\/fr\/","logo":{"@type":"ImageObject","inLanguage":"fr-FR","@id":"https:\/\/fustoki.ca\/fr\/#\/schema\/logo\/image\/","url":"https:\/\/i0.wp.com\/fustoki.ca\/wp-content\/uploads\/2024\/12\/logo-1.png?fit=600%2C600&ssl=1","contentUrl":"https:\/\/i0.wp.com\/fustoki.ca\/wp-content\/uploads\/2024\/12\/logo-1.png?fit=600%2C600&ssl=1","width":600,"height":600,"caption":"fustoki Patisserie"},"image":{"@id":"https:\/\/fustoki.ca\/fr\/#\/schema\/logo\/image\/"},"sameAs":["https:\/\/www.facebook.com\/fustoki"]}]},"product_price_amount":"28.00","product_price_currency":"CAD","og_availability":"instock","product_availability":"instock","product_retailer_item_id":"Kunafe","product_condition":"new"},"_links":{"self":[{"href":"https:\/\/fustoki.ca\/fr\/wp-json\/wp\/v2\/product\/74183","targetHints":{"allow":["GET"]}}],"collection":[{"href":"https:\/\/fustoki.ca\/fr\/wp-json\/wp\/v2\/product"}],"about":[{"href":"https:\/\/fustoki.ca\/fr\/wp-json\/wp\/v2\/types\/product"}],"wp:featuredmedia":[{"embeddable":true,"href":"https:\/\/fustoki.ca\/fr\/wp-json\/wp\/v2\/media\/74185"}],"wp:attachment":[{"href":"https:\/\/fustoki.ca\/fr\/wp-json\/wp\/v2\/media?parent=74183"}],"wp:term":[{"taxonomy":"product_brand","embeddable":true,"href":"https:\/\/fustoki.ca\/fr\/wp-json\/wp\/v2\/product_brand?post=74183"},{"taxonomy":"product_cat","embeddable":true,"href":"https:\/\/fustoki.ca\/fr\/wp-json\/wp\/v2\/product_cat?post=74183"},{"taxonomy":"product_tag","embeddable":true,"href":"https:\/\/fustoki.ca\/fr\/wp-json\/wp\/v2\/product_tag?post=74183"}],"curies":[{"name":"wp","href":"https:\/\/api.w.org\/{rel}","templated":true}]}}